{"id":1271,"date":"2021-01-19T11:55:09","date_gmt":"2021-01-19T10:55:09","guid":{"rendered":"https:\/\/www.avellis-synco.eu\/jobs-and-career\/"},"modified":"2025-11-11T18:42:43","modified_gmt":"2025-11-11T17:42:43","slug":"jobs-and-career","status":"publish","type":"page","link":"https:\/\/www.avellis-synco.eu\/en\/jobs-and-career\/","title":{"rendered":"Jobs and Career"},"content":{"rendered":"<p>[vc_row css=&#8221;.vc_custom_1682100418977{margin-top: 50px !important;}&#8221;][vc_column width=&#8221;1\/4&#8243;][vc_wp_custommenu title=&#8221;AVELLIS-SYNCO LEATHER&#8221; nav_menu=&#8221;68&#8243;][\/vc_column][vc_column width=&#8221;3\/4&#8243;][cms_heading text_source=&#8221;post-page-title&#8221; font_weight=&#8221;&#8221;][vc_column_text]<\/p>\n<p>Wir sind immer auf der Suche nach Menschen, die uns weiterbringen.<\/p>\n<p>Wir sind jederzeit daran interessiert, \u00fcber unsere offenen Stellen hinaus, qualifizierte Bewerberinnen und Bewerbern kennen zu lernen.<\/p>\n<p>Wir freuen uns \u00fcber Ihre Initiativbewerbung.<br \/>Unsere Kontaktadresse: info@avellis-synco.eu<\/p>\n<p>[\/vc_column_text][vc_row_inner][vc_column_inner][vc_column_text]<\/p>\n<p><\/p>\n<h3>Aktuelle Stellenausschreibung<\/h3>\n<p><\/p>\n<p>F\u00fcr unsere beiden Firmen, die Synco Chemie AG und die Avellis Synco Leather (Swiss) AG in Ormalingen, spezialisiert auf dem Gebiet der Textil- und Lederfarbstoffherstellung suchen wir per sofort oder nach Vereinbarung einen\/eine<\/p>\n<p><\/p>\n<h5>Mitarbeiter\/in Innendienst 60%<\/h5>\n<p><\/p>\n<p>[\/vc_column_text][\/vc_column_inner][\/vc_row_inner][vc_row_inner][vc_column_inner width=&#8221;1\/2&#8243;][vc_column_text]<strong>Die Arbeit umfasst vor allem folgende Hauptaufgaben:<\/strong><\/p>\n<p><\/p>\n<ul>\n<li>Telefonische und schriftliche Kundenanfragen bearbeiten<\/li>\n<li>Kommunikation mit internen Abteilungen, Lieferanten, Spediteuren und Agenten<\/li>\n<li>Auftragsbearbeitung Ein- und Verkauf inkl. Logistik (Land, See, Luft)<\/li>\n<li>Unterst\u00fctzung des Veraufsaussendienstes und der Gesch\u00e4ftsleitung<\/li>\n<li>Mithilfe bei Preiskalkulationen und Offerterstellungen<\/li>\n<li>\u00a0Pflege der Lieferanten-, Kunden- und Produktstammdaten<\/li>\n<li>\u00a0Kuriersendungen<\/li>\n<li>Bearbeitung von Kundenreklamationen<\/li>\n<li>Mithilfe und Umsetzung ISO<\/li>\n<li>Allgemeine B\u00fcroarbeiten<\/li>\n<\/ul>\n<p><\/p>\n<p>[\/vc_column_text][\/vc_column_inner][vc_column_inner width=&#8221;1\/2&#8243;][vc_column_text]<strong>Ihr Profil<\/strong><\/p>\n<p><\/p>\n<ul>\n<li>Abgeschlossene kaufm\u00e4nnische Ausbildung vorzugsweise in der Spedition, im Innendienst oder \u00c4hnlichem<\/li>\n<li>Gute MS-Office Kenntnisse<\/li>\n<li>Mehrj\u00e4hrige Erfahrungen im Bereich Innendienst<\/li>\n<li>Stilsicheres Deutsch- und sehr gute Englischkenntnisse in Wort und Schrift (weitere Sprachen von Vorteil)<\/li>\n<\/ul>\n<p><\/p>\n<p>[\/vc_column_text][\/vc_column_inner][\/vc_row_inner][vc_row_inner][vc_column_inner][vc_column_text]<strong>Wie Sie uns unterst\u00fctzen<\/strong><\/p>\n<p><\/p>\n<ul>\n<li><strong>Sie sind eine zuverl\u00e4ssige, flexible und verantwortungsvolle Pers\u00f6nlichkeit<br \/>\n<\/strong><\/li>\n<li><strong>Sie haben eine exakte, selbstst\u00e4ndige und effiziente Arbeitsweise<br \/>\n<\/strong><\/li>\n<li><strong>Sie sind team- und dienstleistungsorientiert<br \/>\n<\/strong><\/li>\n<li><strong>Sie sch\u00e4tzen das famili\u00e4re pers\u00f6nliche Umfeld eines KMUs<br \/>\n<\/strong><\/li>\n<\/ul>\n<p><\/p>\n<p>Eine abwechslungsreiche, verantwortungsvolle Aufgabe in einem engagierten, erfolgreichen Team in dem Sie selbstst\u00e4ndig arbeiten k\u00f6nnen.<\/p>\n<p><\/p>\n<p>F\u00fchlen Sie sich angesprochen diese Herausforderung anzunehmen? Dann erwarten wir gerne Ihre vollst\u00e4ndige Bewerbung per E-Mail inkl. Foto (in PDF max. 8MB) an: <a href=\"mailto:bewerbung@avellis-synco.ch\">bewerbung@avellis-synco.ch<\/a> z.H. Frau Simona Russo, Avellis Synco Leather (Swiss) AG, Langmattweg 3, 4466 Ormalingen[\/vc_column_text][\/vc_column_inner][\/vc_row_inner][\/vc_column][\/vc_row]<\/p>\n","protected":false},"excerpt":{"rendered":"<p>[vc_row css=&#8221;.vc_custom_1682100418977{margin-top: 50px !important;}&#8221;][vc_column width=&#8221;1\/4&#8243;][vc_wp_custommenu title=&#8221;AVELLIS-SYNCO LEATHER&#8221; nav_menu=&#8221;68&#8243;][\/vc_column][vc_column width=&#8221;3\/4&#8243;][cms_heading text_source=&#8221;post-page-title&#8221; font_weight=&#8221;&#8221;][vc_column_text] Wir sind immer auf der Suche nach Menschen, die uns weiterbringen. Wir sind jederzeit daran interessiert, \u00fcber unsere offenen Stellen hinaus, qualifizierte Bewerberinnen und Bewerbern kennen zu lernen. Wir freuen uns \u00fcber Ihre Initiativbewerbung.Unsere Kontaktadresse: info@avellis-synco.eu [\/vc_column_text][vc_row_inner][vc_column_inner][vc_column_text] Aktuelle Stellenausschreibung F\u00fcr unsere beiden Firmen, die [&hellip;]<\/p>\n","protected":false},"author":1,"featured_media":0,"parent":0,"menu_order":0,"comment_status":"closed","ping_status":"closed","template":"","meta":{"footnotes":""},"class_list":["post-1271","page","type-page","status-publish","hentry"],"_links":{"self":[{"href":"https:\/\/www.avellis-synco.eu\/en\/wp-json\/wp\/v2\/pages\/1271","targetHints":{"allow":["GET"]}}],"collection":[{"href":"https:\/\/www.avellis-synco.eu\/en\/wp-json\/wp\/v2\/pages"}],"about":[{"href":"https:\/\/www.avellis-synco.eu\/en\/wp-json\/wp\/v2\/types\/page"}],"author":[{"embeddable":true,"href":"https:\/\/www.avellis-synco.eu\/en\/wp-json\/wp\/v2\/users\/1"}],"replies":[{"embeddable":true,"href":"https:\/\/www.avellis-synco.eu\/en\/wp-json\/wp\/v2\/comments?post=1271"}],"version-history":[{"count":16,"href":"https:\/\/www.avellis-synco.eu\/en\/wp-json\/wp\/v2\/pages\/1271\/revisions"}],"predecessor-version":[{"id":1675,"href":"https:\/\/www.avellis-synco.eu\/en\/wp-json\/wp\/v2\/pages\/1271\/revisions\/1675"}],"wp:attachment":[{"href":"https:\/\/www.avellis-synco.eu\/en\/wp-json\/wp\/v2\/media?parent=1271"}],"curies":[{"name":"wp","href":"https:\/\/api.w.org\/{rel}","templated":true}]}}